{"id":1100,"date":"2024-10-08T13:29:16","date_gmt":"2024-10-08T11:29:16","guid":{"rendered":"https:\/\/villaroygar.com\/?page_id=1100"},"modified":"2025-07-22T14:49:21","modified_gmt":"2025-07-22T12:49:21","slug":"promociones-villa-roygar","status":"publish","type":"page","link":"https:\/\/villaroygar.com\/en\/promociones-villa-roygar\/","title":{"rendered":"Promociones Villa Roygar"},"content":{"rendered":"\t\t<div data-elementor-type=\"wp-page\" data-elementor-id=\"1100\" class=\"elementor elementor-1100\" data-elementor-post-type=\"page\">\n\t\t\t\t<div class=\"elementor-element elementor-element-40f6892 e-flex e-con-boxed e-con e-parent\" data-id=\"40f6892\" data-element_type=\"container\" data-e-type=\"container\" data-settings=\"{&quot;background_background&quot;:&quot;slideshow&quot;,&quot;background_slideshow_gallery&quot;:[{&quot;id&quot;:1108,&quot;url&quot;:&quot;https:\\\/\\\/villaroygar.com\\\/wp-content\\\/uploads\\\/promociones-villa-roygar-cover.webp&quot;}],&quot;background_slideshow_ken_burns&quot;:&quot;yes&quot;,&quot;background_slideshow_slide_duration&quot;:3000,&quot;background_slideshow_loop&quot;:&quot;yes&quot;,&quot;background_slideshow_slide_transition&quot;:&quot;fade&quot;,&quot;background_slideshow_transition_duration&quot;:500,&quot;background_slideshow_ken_burns_zoom_direction&quot;:&quot;in&quot;}\">\n\t\t\t\t\t<div class=\"e-con-inner\">\n\t\t<div class=\"elementor-element elementor-element-84b84b1 e-con-full e-flex e-con e-child\" data-id=\"84b84b1\" data-element_type=\"container\" data-e-type=\"container\">\n\t\t\t\t<div class=\"elementor-element elementor-element-38148db elementor-widget elementor-widget-heading\" data-id=\"38148db\" data-element_type=\"widget\" data-e-type=\"widget\" data-widget_type=\"heading.default\">\n\t\t\t\t<div class=\"elementor-widget-container\">\n\t\t\t\t\t<h1 class=\"elementor-heading-title elementor-size-default\">Tourist accommodation in <b>Guare\u00f1a, Badajoz<\/b><\/h1>\t\t\t\t<\/div>\n\t\t\t\t<\/div>\n\t\t\t\t<div class=\"elementor-element elementor-element-2e75db9 elementor-widget elementor-widget-heading\" data-id=\"2e75db9\" data-element_type=\"widget\" data-e-type=\"widget\" data-widget_type=\"heading.default\">\n\t\t\t\t<div class=\"elementor-widget-container\">\n\t\t\t\t\t<h2 class=\"elementor-heading-title elementor-size-default\">Promotions<\/h2>\t\t\t\t<\/div>\n\t\t\t\t<\/div>\n\t\t\t\t<div class=\"elementor-element elementor-element-1eea919 elementor-widget elementor-widget-text-editor\" data-id=\"1eea919\" data-element_type=\"widget\" data-e-type=\"widget\" data-widget_type=\"text-editor.default\">\n\t\t\t\t<div class=\"elementor-widget-container\">\n\t\t\t\t\t\t\t\t\t<p>\u00a0Guare\u00f1a, Badajoz<\/p>\t\t\t\t\t\t\t\t<\/div>\n\t\t\t\t<\/div>\n\t\t\t\t<\/div>\n\t\t\t\t\t<\/div>\n\t\t\t\t<\/div>\n\t\t<div class=\"elementor-element elementor-element-6066128 e-flex e-con-boxed e-con e-parent\" data-id=\"6066128\" data-element_type=\"container\" data-e-type=\"container\" data-settings=\"{&quot;background_background&quot;:&quot;classic&quot;}\">\n\t\t\t\t\t<div class=\"e-con-inner\">\n\t\t\t\t<div class=\"elementor-element elementor-element-4e8ccb4 elementor-widget__width-initial elementor-widget elementor-widget-text-editor\" data-id=\"4e8ccb4\" data-element_type=\"widget\" data-e-type=\"widget\" data-widget_type=\"text-editor.default\">\n\t\t\t\t<div class=\"elementor-widget-container\">\n\t\t\t\t\t\t\t\t\t<p>Booking from our official website offers you all the advantages. Take advantage of our promotional code to get a special discount. Also, if you stay with us for more than 7 days, you will get a special discount.<\/p>\t\t\t\t\t\t\t\t<\/div>\n\t\t\t\t<\/div>\n\t\t\t\t\t<\/div>\n\t\t\t\t<\/div>\n\t\t<div class=\"elementor-element elementor-element-ed159ee e-flex e-con-boxed e-con e-parent\" data-id=\"ed159ee\" data-element_type=\"container\" data-e-type=\"container\">\n\t\t\t\t\t<div class=\"e-con-inner\">\n\t\t<div class=\"elementor-element elementor-element-a94f6e2 e-con-full animated-slow e-flex elementor-invisible e-con e-child\" data-id=\"a94f6e2\" data-element_type=\"container\" data-e-type=\"container\" data-settings=\"{&quot;animation&quot;:&quot;slideInUp&quot;}\">\n\t\t\t\t<div class=\"elementor-element elementor-element-401ab40 elementor-cta--valign-middle elementor-cta--skin-classic elementor-animated-content elementor-bg-transform elementor-bg-transform-zoom-in elementor-widget elementor-widget-call-to-action\" data-id=\"401ab40\" data-element_type=\"widget\" data-e-type=\"widget\" data-widget_type=\"call-to-action.default\">\n\t\t\t\t<div class=\"elementor-widget-container\">\n\t\t\t\t\t\t\t<div class=\"elementor-cta\">\n\t\t\t\t\t<div class=\"elementor-cta__bg-wrapper\">\n\t\t\t\t<div class=\"elementor-cta__bg elementor-bg\" style=\"background-image: url(https:\/\/villaroygar.com\/en\/wp-content\/uploads\/sites\/2\/larga-estancia.webp);\" role=\"img\" aria-label=\"larga estancia\"><\/div>\n\t\t\t\t<div class=\"elementor-cta__bg-overlay\"><\/div>\n\t\t\t<\/div>\n\t\t\t\t\t\t\t<div class=\"elementor-cta__content\">\n\t\t\t\t\n\t\t\t\t\t\t\t\t\t<h3 class=\"elementor-cta__title elementor-cta__content-item elementor-content-item\">\n\t\t\t\t\t\t5% discount\t\t\t\t\t<\/h3>\n\t\t\t\t\n\t\t\t\t\t\t\t\t\t<div class=\"elementor-cta__description elementor-cta__content-item elementor-content-item\">\n\t\t\t\t\t\tTake advantage of the promotional code CASTUO24\t\t\t\t\t<\/div>\n\t\t\t\t\n\t\t\t\t\t\t\t\t\t<div class=\"elementor-cta__button-wrapper elementor-cta__content-item elementor-content-item \">\n\t\t\t\t\t<a class=\"elementor-cta__button elementor-button elementor-size-\" href=\"https:\/\/booking.avirato.com\/?code=9777525&#038;lang=en\" target=\"_blank\">\n\t\t\t\t\t\tbOOK\t\t\t\t\t<\/a>\n\t\t\t\t\t<\/div>\n\t\t\t\t\t\t\t<\/div>\n\t\t\t\t\t\t<\/div>\n\t\t\t\t\t\t<\/div>\n\t\t\t\t<\/div>\n\t\t\t\t<\/div>\n\t\t<div class=\"elementor-element elementor-element-3eb09cf e-con-full e-flex e-con e-child\" data-id=\"3eb09cf\" data-element_type=\"container\" data-e-type=\"container\">\n\t\t\t\t<div class=\"elementor-element elementor-element-e4c7220 elementor-cta--valign-middle elementor-cta--skin-classic elementor-animated-content elementor-bg-transform elementor-bg-transform-zoom-in elementor-widget elementor-widget-call-to-action\" data-id=\"e4c7220\" data-element_type=\"widget\" data-e-type=\"widget\" data-widget_type=\"call-to-action.default\">\n\t\t\t\t<div class=\"elementor-widget-container\">\n\t\t\t\t\t\t\t<div class=\"elementor-cta\">\n\t\t\t\t\t<div class=\"elementor-cta__bg-wrapper\">\n\t\t\t\t<div class=\"elementor-cta__bg elementor-bg\" style=\"background-image: url(https:\/\/villaroygar.com\/en\/wp-content\/uploads\/sites\/2\/rooftop-villa-roygar.webp);\" role=\"img\" aria-label=\"rooftop villa roygar\"><\/div>\n\t\t\t\t<div class=\"elementor-cta__bg-overlay\"><\/div>\n\t\t\t<\/div>\n\t\t\t\t\t\t\t<div class=\"elementor-cta__content\">\n\t\t\t\t\n\t\t\t\t\t\t\t\t\t<h3 class=\"elementor-cta__title elementor-cta__content-item elementor-content-item\">\n\t\t\t\t\t\tLong stay discount\t\t\t\t\t<\/h3>\n\t\t\t\t\n\t\t\t\t\t\t\t\t\t<div class=\"elementor-cta__description elementor-cta__content-item elementor-content-item\">\n\t\t\t\t\t\tIf you book for more than 7 nights please contact us and we will give you a discount!\t\t\t\t\t<\/div>\n\t\t\t\t\n\t\t\t\t\t\t\t\t\t<div class=\"elementor-cta__button-wrapper elementor-cta__content-item elementor-content-item \">\n\t\t\t\t\t<a class=\"elementor-cta__button elementor-button elementor-size-\" href=\"tel:+34670860533\" target=\"_blank\" rel=\"nofollow\">\n\t\t\t\t\t\tContact us\t\t\t\t\t<\/a>\n\t\t\t\t\t<\/div>\n\t\t\t\t\t\t\t<\/div>\n\t\t\t\t\t\t<\/div>\n\t\t\t\t\t\t<\/div>\n\t\t\t\t<\/div>\n\t\t\t\t<\/div>\n\t\t<div class=\"elementor-element elementor-element-cf04e23 e-con-full e-flex e-con e-child\" data-id=\"cf04e23\" data-element_type=\"container\" data-e-type=\"container\">\n\t\t\t\t<div class=\"elementor-element elementor-element-fb64951 elementor-cta--valign-middle elementor-cta--skin-classic elementor-animated-content elementor-bg-transform elementor-bg-transform-zoom-in elementor-widget elementor-widget-call-to-action\" data-id=\"fb64951\" data-element_type=\"widget\" data-e-type=\"widget\" data-widget_type=\"call-to-action.default\">\n\t\t\t\t<div class=\"elementor-widget-container\">\n\t\t\t\t\t\t\t<div class=\"elementor-cta\">\n\t\t\t\t\t<div class=\"elementor-cta__bg-wrapper\">\n\t\t\t\t<div class=\"elementor-cta__bg elementor-bg\" style=\"background-image: url(https:\/\/villaroygar.com\/en\/wp-content\/uploads\/sites\/2\/caminando-por-el-parque-villa-roygar.webp);\" role=\"img\" aria-label=\"caminando por el parque villa roygar\"><\/div>\n\t\t\t\t<div class=\"elementor-cta__bg-overlay\"><\/div>\n\t\t\t<\/div>\n\t\t\t\t\t\t\t<div class=\"elementor-cta__content\">\n\t\t\t\t\n\t\t\t\t\t\t\t\t\t<h3 class=\"elementor-cta__title elementor-cta__content-item elementor-content-item\">\n\t\t\t\t\t\tWelcome Gift\t\t\t\t\t<\/h3>\n\t\t\t\t\n\t\t\t\t\t\t\t\t\t<div class=\"elementor-cta__description elementor-cta__content-item elementor-content-item\">\n\t\t\t\t\t\tWho doesn't like details?\t\t\t\t\t<\/div>\n\t\t\t\t\n\t\t\t\t\t\t\t\t\t<div class=\"elementor-cta__button-wrapper elementor-cta__content-item elementor-content-item \">\n\t\t\t\t\t<a class=\"elementor-cta__button elementor-button elementor-size-\" href=\"https:\/\/booking.avirato.com\/?code=9777525&#038;lang=en\" target=\"_blank\">\n\t\t\t\t\t\tBOOK\t\t\t\t\t<\/a>\n\t\t\t\t\t<\/div>\n\t\t\t\t\t\t\t<\/div>\n\t\t\t\t\t\t<\/div>\n\t\t\t\t\t\t<\/div>\n\t\t\t\t<\/div>\n\t\t\t\t<\/div>\n\t\t\t\t\t<\/div>\n\t\t\t\t<\/div>\n\t\t<div class=\"elementor-element elementor-element-f56abb0 e-flex e-con-boxed e-con e-parent\" data-id=\"f56abb0\" data-element_type=\"container\" data-e-type=\"container\" data-settings=\"{&quot;background_background&quot;:&quot;classic&quot;}\">\n\t\t\t\t\t<div class=\"e-con-inner\">\n\t\t\t\t<div class=\"elementor-element elementor-element-82e0a21 elementor-widget__width-inherit elementor-widget elementor-widget-heading\" data-id=\"82e0a21\" data-element_type=\"widget\" data-e-type=\"widget\" data-widget_type=\"heading.default\">\n\t\t\t\t<div class=\"elementor-widget-container\">\n\t\t\t\t\t<h2 class=\"elementor-heading-title elementor-size-default\">Book from our<br> <b>official website<\/b><\/h2>\t\t\t\t<\/div>\n\t\t\t\t<\/div>\n\t\t\t\t<div class=\"elementor-element elementor-element-76f2350 elementor-widget__width-initial elementor-widget elementor-widget-text-editor\" data-id=\"76f2350\" data-element_type=\"widget\" data-e-type=\"widget\" data-widget_type=\"text-editor.default\">\n\t\t\t\t<div class=\"elementor-widget-container\">\n\t\t\t\t\t\t\t\t\t<p>We guarantee you the best price online and you will enjoy discounts and special offers.<br \/>If you have any questions, please contact us<\/p>\t\t\t\t\t\t\t\t<\/div>\n\t\t\t\t<\/div>\n\t\t<div class=\"elementor-element elementor-element-ec11a22 e-con-full e-flex e-con e-child\" data-id=\"ec11a22\" data-element_type=\"container\" data-e-type=\"container\">\n\t\t\t\t<div class=\"elementor-element elementor-element-5e33541 elementor-widget elementor-widget-button\" data-id=\"5e33541\" data-element_type=\"widget\" data-e-type=\"widget\" data-widget_type=\"button.default\">\n\t\t\t\t<div class=\"elementor-widget-container\">\n\t\t\t\t\t\t\t\t\t<div class=\"elementor-button-wrapper\">\n\t\t\t\t\t<a class=\"elementor-button elementor-button-link elementor-size-sm elementor-animation-sink\" href=\"tel:+34670860533\" target=\"_blank\">\n\t\t\t\t\t\t<span class=\"elementor-button-content-wrapper\">\n\t\t\t\t\t\t\t\t\t<span class=\"elementor-button-text\">Contact us<\/span>\n\t\t\t\t\t<\/span>\n\t\t\t\t\t<\/a>\n\t\t\t\t<\/div>\n\t\t\t\t\t\t\t\t<\/div>\n\t\t\t\t<\/div>\n\t\t\t\t<div class=\"elementor-element elementor-element-39a8fb7 elementor-widget elementor-widget-button\" data-id=\"39a8fb7\" data-element_type=\"widget\" data-e-type=\"widget\" data-widget_type=\"button.default\">\n\t\t\t\t<div class=\"elementor-widget-container\">\n\t\t\t\t\t\t\t\t\t<div class=\"elementor-button-wrapper\">\n\t\t\t\t\t<a class=\"elementor-button elementor-button-link elementor-size-sm elementor-animation-sink\" href=\"https:\/\/booking.avirato.com\/?code=9777525&#038;lang=en\" target=\"_blank\">\n\t\t\t\t\t\t<span class=\"elementor-button-content-wrapper\">\n\t\t\t\t\t\t\t\t\t<span class=\"elementor-button-text\">BOOK<\/span>\n\t\t\t\t\t<\/span>\n\t\t\t\t\t<\/a>\n\t\t\t\t<\/div>\n\t\t\t\t\t\t\t\t<\/div>\n\t\t\t\t<\/div>\n\t\t\t\t<\/div>\n\t\t\t\t\t<\/div>\n\t\t\t\t<\/div>\n\t\t\t\t<\/div>\n\t\t","protected":false},"excerpt":{"rendered":"<p>Tourist accommodation in Guare\u00f1a, Badajoz Promotions \u00a0Guare\u00f1a, Badajoz Booking from our official website offers you all the advantages. Take advantage of our promotional code to get a special discount. Also, if you stay with us for more than 7 days, you will get a special discount. 5% discount Take advantage of the promotional code CASTUO24 [&hellip;]<\/p>\n","protected":false},"author":1,"featured_media":0,"parent":0,"menu_order":0,"comment_status":"closed","ping_status":"closed","template":"elementor_header_footer","meta":{"footnotes":""},"class_list":["post-1100","page","type-page","status-publish","hentry"],"yoast_head":"<!-- This site is optimized with the Yoast SEO plugin v27.3 - https:\/\/yoast.com\/product\/yoast-seo-wordpress\/ -->\n<title>Promociones Villa Roygar - English Villa Roygar<\/title>\n<meta name=\"description\" content=\"Reservar desde nuestra web oficial te ofrece todas las ventajas. Club de fidelizaci\u00f3n, c\u00f3digo promocional, larga estancia, n\u00famero de reservas.\" \/>\n<meta name=\"robots\" content=\"index, follow, max-snippet:-1, max-image-preview:large, max-video-preview:-1\" \/>\n<link rel=\"canonical\" href=\"https:\/\/villaroygar.com\/en\/promociones-villa-roygar\/\" \/>\n<meta property=\"og:locale\" content=\"es_ES\" \/>\n<meta property=\"og:type\" content=\"article\" \/>\n<meta property=\"og:title\" content=\"Promociones Villa Roygar - English Villa Roygar\" \/>\n<meta property=\"og:description\" content=\"Reservar desde nuestra web oficial te ofrece todas las ventajas. Club de fidelizaci\u00f3n, c\u00f3digo promocional, larga estancia, n\u00famero de reservas.\" \/>\n<meta property=\"og:url\" content=\"https:\/\/villaroygar.com\/en\/promociones-villa-roygar\/\" \/>\n<meta property=\"og:site_name\" content=\"English Villa Roygar\" \/>\n<meta property=\"article:modified_time\" content=\"2025-07-22T12:49:21+00:00\" \/>\n<meta name=\"twitter:card\" content=\"summary_large_image\" \/>\n<meta name=\"twitter:label1\" content=\"Tiempo de lectura\" \/>\n\t<meta name=\"twitter:data1\" content=\"1 minuto\" \/>\n<script type=\"application\/ld+json\" class=\"yoast-schema-graph\">{\"@context\":\"https:\\\/\\\/schema.org\",\"@graph\":[{\"@type\":\"WebPage\",\"@id\":\"https:\\\/\\\/villaroygar.com\\\/en\\\/promociones-villa-roygar\\\/\",\"url\":\"https:\\\/\\\/villaroygar.com\\\/en\\\/promociones-villa-roygar\\\/\",\"name\":\"Promociones Villa Roygar - English Villa Roygar\",\"isPartOf\":{\"@id\":\"https:\\\/\\\/villaroygar.com\\\/en\\\/#website\"},\"datePublished\":\"2024-10-08T11:29:16+00:00\",\"dateModified\":\"2025-07-22T12:49:21+00:00\",\"description\":\"Reservar desde nuestra web oficial te ofrece todas las ventajas. Club de fidelizaci\u00f3n, c\u00f3digo promocional, larga estancia, n\u00famero de reservas.\",\"breadcrumb\":{\"@id\":\"https:\\\/\\\/villaroygar.com\\\/en\\\/promociones-villa-roygar\\\/#breadcrumb\"},\"inLanguage\":\"es\",\"potentialAction\":[{\"@type\":\"ReadAction\",\"target\":[\"https:\\\/\\\/villaroygar.com\\\/en\\\/promociones-villa-roygar\\\/\"]}]},{\"@type\":\"BreadcrumbList\",\"@id\":\"https:\\\/\\\/villaroygar.com\\\/en\\\/promociones-villa-roygar\\\/#breadcrumb\",\"itemListElement\":[{\"@type\":\"ListItem\",\"position\":1,\"name\":\"Portada\",\"item\":\"https:\\\/\\\/villaroygar.com\\\/en\\\/\"},{\"@type\":\"ListItem\",\"position\":2,\"name\":\"Promociones Villa Roygar\"}]},{\"@type\":\"WebSite\",\"@id\":\"https:\\\/\\\/villaroygar.com\\\/en\\\/#website\",\"url\":\"https:\\\/\\\/villaroygar.com\\\/en\\\/\",\"name\":\"English Villa Roygar\",\"description\":\"Villa Roygar\",\"publisher\":{\"@id\":\"https:\\\/\\\/villaroygar.com\\\/en\\\/#organization\"},\"potentialAction\":[{\"@type\":\"SearchAction\",\"target\":{\"@type\":\"EntryPoint\",\"urlTemplate\":\"https:\\\/\\\/villaroygar.com\\\/en\\\/?s={search_term_string}\"},\"query-input\":{\"@type\":\"PropertyValueSpecification\",\"valueRequired\":true,\"valueName\":\"search_term_string\"}}],\"inLanguage\":\"es\"},{\"@type\":\"Organization\",\"@id\":\"https:\\\/\\\/villaroygar.com\\\/en\\\/#organization\",\"name\":\"English Villa Roygar\",\"url\":\"https:\\\/\\\/villaroygar.com\\\/en\\\/\",\"logo\":{\"@type\":\"ImageObject\",\"inLanguage\":\"es\",\"@id\":\"https:\\\/\\\/villaroygar.com\\\/en\\\/#\\\/schema\\\/logo\\\/image\\\/\",\"url\":\"https:\\\/\\\/villaroygar.com\\\/en\\\/wp-content\\\/uploads\\\/sites\\\/2\\\/Logo_VillaRoygar.webp\",\"contentUrl\":\"https:\\\/\\\/villaroygar.com\\\/en\\\/wp-content\\\/uploads\\\/sites\\\/2\\\/Logo_VillaRoygar.webp\",\"width\":400,\"height\":258,\"caption\":\"English Villa Roygar\"},\"image\":{\"@id\":\"https:\\\/\\\/villaroygar.com\\\/en\\\/#\\\/schema\\\/logo\\\/image\\\/\"}}]}<\/script>\n<!-- \/ Yoast SEO plugin. -->","yoast_head_json":{"title":"Promociones Villa Roygar - English Villa Roygar","description":"Reservar desde nuestra web oficial te ofrece todas las ventajas. Club de fidelizaci\u00f3n, c\u00f3digo promocional, larga estancia, n\u00famero de reservas.","robots":{"index":"index","follow":"follow","max-snippet":"max-snippet:-1","max-image-preview":"max-image-preview:large","max-video-preview":"max-video-preview:-1"},"canonical":"https:\/\/villaroygar.com\/en\/promociones-villa-roygar\/","og_locale":"es_ES","og_type":"article","og_title":"Promociones Villa Roygar - English Villa Roygar","og_description":"Reservar desde nuestra web oficial te ofrece todas las ventajas. Club de fidelizaci\u00f3n, c\u00f3digo promocional, larga estancia, n\u00famero de reservas.","og_url":"https:\/\/villaroygar.com\/en\/promociones-villa-roygar\/","og_site_name":"English Villa Roygar","article_modified_time":"2025-07-22T12:49:21+00:00","twitter_card":"summary_large_image","twitter_misc":{"Tiempo de lectura":"1 minuto"},"schema":{"@context":"https:\/\/schema.org","@graph":[{"@type":"WebPage","@id":"https:\/\/villaroygar.com\/en\/promociones-villa-roygar\/","url":"https:\/\/villaroygar.com\/en\/promociones-villa-roygar\/","name":"Promociones Villa Roygar - English Villa Roygar","isPartOf":{"@id":"https:\/\/villaroygar.com\/en\/#website"},"datePublished":"2024-10-08T11:29:16+00:00","dateModified":"2025-07-22T12:49:21+00:00","description":"Reservar desde nuestra web oficial te ofrece todas las ventajas. Club de fidelizaci\u00f3n, c\u00f3digo promocional, larga estancia, n\u00famero de reservas.","breadcrumb":{"@id":"https:\/\/villaroygar.com\/en\/promociones-villa-roygar\/#breadcrumb"},"inLanguage":"es","potentialAction":[{"@type":"ReadAction","target":["https:\/\/villaroygar.com\/en\/promociones-villa-roygar\/"]}]},{"@type":"BreadcrumbList","@id":"https:\/\/villaroygar.com\/en\/promociones-villa-roygar\/#breadcrumb","itemListElement":[{"@type":"ListItem","position":1,"name":"Portada","item":"https:\/\/villaroygar.com\/en\/"},{"@type":"ListItem","position":2,"name":"Promociones Villa Roygar"}]},{"@type":"WebSite","@id":"https:\/\/villaroygar.com\/en\/#website","url":"https:\/\/villaroygar.com\/en\/","name":"English Villa Roygar","description":"Villa Roygar","publisher":{"@id":"https:\/\/villaroygar.com\/en\/#organization"},"potentialAction":[{"@type":"SearchAction","target":{"@type":"EntryPoint","urlTemplate":"https:\/\/villaroygar.com\/en\/?s={search_term_string}"},"query-input":{"@type":"PropertyValueSpecification","valueRequired":true,"valueName":"search_term_string"}}],"inLanguage":"es"},{"@type":"Organization","@id":"https:\/\/villaroygar.com\/en\/#organization","name":"English Villa Roygar","url":"https:\/\/villaroygar.com\/en\/","logo":{"@type":"ImageObject","inLanguage":"es","@id":"https:\/\/villaroygar.com\/en\/#\/schema\/logo\/image\/","url":"https:\/\/villaroygar.com\/en\/wp-content\/uploads\/sites\/2\/Logo_VillaRoygar.webp","contentUrl":"https:\/\/villaroygar.com\/en\/wp-content\/uploads\/sites\/2\/Logo_VillaRoygar.webp","width":400,"height":258,"caption":"English Villa Roygar"},"image":{"@id":"https:\/\/villaroygar.com\/en\/#\/schema\/logo\/image\/"}}]}},"_links":{"self":[{"href":"https:\/\/villaroygar.com\/en\/wp-json\/wp\/v2\/pages\/1100","targetHints":{"allow":["GET"]}}],"collection":[{"href":"https:\/\/villaroygar.com\/en\/wp-json\/wp\/v2\/pages"}],"about":[{"href":"https:\/\/villaroygar.com\/en\/wp-json\/wp\/v2\/types\/page"}],"author":[{"embeddable":true,"href":"https:\/\/villaroygar.com\/en\/wp-json\/wp\/v2\/users\/1"}],"replies":[{"embeddable":true,"href":"https:\/\/villaroygar.com\/en\/wp-json\/wp\/v2\/comments?post=1100"}],"version-history":[{"count":15,"href":"https:\/\/villaroygar.com\/en\/wp-json\/wp\/v2\/pages\/1100\/revisions"}],"predecessor-version":[{"id":1851,"href":"https:\/\/villaroygar.com\/en\/wp-json\/wp\/v2\/pages\/1100\/revisions\/1851"}],"wp:attachment":[{"href":"https:\/\/villaroygar.com\/en\/wp-json\/wp\/v2\/media?parent=1100"}],"curies":[{"name":"wp","href":"https:\/\/api.w.org\/{rel}","templated":true}]}}