{"id":67,"date":"2024-07-17T11:04:24","date_gmt":"2024-07-17T09:04:24","guid":{"rendered":"https:\/\/villaroygar.com\/?page_id=67"},"modified":"2024-11-14T10:24:48","modified_gmt":"2024-11-14T09:24:48","slug":"aviso-legal","status":"publish","type":"page","link":"https:\/\/villaroygar.com\/en\/aviso-legal\/","title":{"rendered":"Aviso Legal"},"content":{"rendered":"\t\t<div data-elementor-type=\"wp-page\" data-elementor-id=\"67\" class=\"elementor elementor-67\" data-elementor-post-type=\"page\">\n\t\t\t\t<div class=\"elementor-element elementor-element-26f6002 e-flex e-con-boxed e-con e-parent\" data-id=\"26f6002\" data-element_type=\"container\" data-e-type=\"container\">\n\t\t\t\t\t<div class=\"e-con-inner\">\n\t\t<div class=\"elementor-element elementor-element-36ce598 e-con-full e-flex e-con e-child\" data-id=\"36ce598\" data-element_type=\"container\" data-e-type=\"container\">\n\t\t\t\t<div class=\"elementor-element elementor-element-f0be4bc elementor-widget elementor-widget-text-editor\" data-id=\"f0be4bc\" data-element_type=\"widget\" data-e-type=\"widget\" data-widget_type=\"text-editor.default\">\n\t\t\t\t<div class=\"elementor-widget-container\">\n\t\t\t\t\t\t\t\t\t<h1 class=\"m-auto\">AVISO LEGAL Y CONDICIONES GENERALES DE USO<\/h1><h4><span class=\"blanc-space ng-binding\">[avgest_laurl]<\/span><\/h4><h3>I. INFORMACI\u00d3N GENERAL<\/h3><p>En cumplimiento con el deber de informaci\u00f3n dispuesto en la Ley 34\/2002 de Servicios de la Sociedad de la<br \/>Informaci\u00f3n y el Comercio Electr\u00f3nico (LSSI-CE) de 11 de julio, se facilitan a continuaci\u00f3n los siguientes<br \/>datos de informaci\u00f3n general de este sitio web:<\/p><p class=\"ng-hide\">La titularidad de este sitio web, <span class=\"blanc-space ng-binding\">[avgest_laurl]<\/span>, (en adelante, Sitio Web) la ostenta: , con NIF: , y cuyos<br \/>datos de contacto son:<\/p><p class=\"\">La titularidad de este sitio web, <span class=\"blanc-space ng-binding\">[avgest_laurl]<\/span>, (en adelante, Sitio Web) la ostenta: <span class=\"blanc-space ng-binding\">[avgest_empresa_registrada]<\/span>, provista de NIF: <span class=\"blanc-space ng-binding\">[avgest_cif_empresa]<\/span> e inscrita en: <span class=\"blanc-space ng-binding\">[avgest_registro_mercantil]<\/span> con los siguientes datos registrales:<br \/>, cuyo representante es: <span class=\"blanc-space ng-binding\">[avgest_responsable_de_web]<\/span>, y cuyos datos de contacto son:<\/p><p>Direcci\u00f3n: <span class=\"blanc-space ng-binding\">[avgest_direccion_legal]<\/span><\/p><p>Tel\u00e9fono de contacto: <span class=\"blanc-space ng-binding\">[avgest_telefono_legal]<\/span><\/p><p class=\"ng-hide\">Fax:<\/p><p>Email de contacto: <span class=\"blanc-space ng-binding\">[avgest_email_legal]<\/span><\/p><h3>II. T\u00c9RMINOS Y CONDICIONES GENERALES DE USO<\/h3><h4>El objeto de las condiciones: El Sitio Web<\/h4><p>El objeto de las presentes Condiciones Generales de Uso (en adelante, Condiciones) es regular el acceso y la<br \/>utilizaci\u00f3n del Sitio Web. A los efectos de las presentes Condiciones se entender\u00e1 como Sitio Web: la<br \/>apariencia externa de los interfaces de pantalla, tanto de forma est\u00e1tica como de forma din\u00e1mica, es decir,<br \/>el \u00e1rbol de navegaci\u00f3n; y todos los elementos integrados tanto en los interfaces de pantalla como en el<br \/>\u00e1rbol de navegaci\u00f3n (en adelante, Contenidos) y todos aquellos servicios o recursos en l\u00ednea que en su caso<br \/>ofrezca a los Usuarios (en adelante, Servicios).<\/p><p><span class=\"blanc-space ng-binding\">Alojamientos tur\u00edsticos<\/span> se reserva la facultad de modificar, en<br \/>cualquier momento, y sin aviso previo, la presentaci\u00f3n y configuraci\u00f3n del Sitio Web y de los Contenidos y<br \/>Servicios que en \u00e9l pudieran estar incorporados. El Usuario reconoce y acepta que en cualquier momento <span class=\"blanc-space ng-binding\">Alojamientos tur\u00edsticos<\/span> pueda interrumpir, desactivar y\/o cancelar<br \/>cualquiera de estos elementos que se integran en el Sitio Web o el acceso a los mismos.<\/p><p>El acceso al Sitio Web por el Usuario tiene car\u00e1cter libre y, por regla<br \/>general, es gratuito sin que el Usuario tenga que proporcionar una contraprestaci\u00f3n para poder disfrutar de<br \/>ello, salvo en lo relativo al coste de conexi\u00f3n a trav\u00e9s de la red de telecomunicaciones suministrada por el<br \/>proveedor de acceso que hubiere contratado el Usuario.<\/p><p class=\"ng-hide\">Aparte del coste de conexi\u00f3n a trav\u00e9s de la red de<br \/>telecomunicaciones suministrada por el proveedor de acceso, y que hubiere contratado el Usuario, algunos de<br \/>los Contenidos o Servicios ofrecidos por <span class=\"blanc-space ng-binding\">Alojamientos tur\u00edsticos<\/span><br \/>o, en su caso, terceros a trav\u00e9s del Sitio Web pueden encontrarse sujetos a la contrataci\u00f3n previa del<br \/>Contenido o Servicio, en cuyo caso se especificar\u00e1 de forma clara y\/o se pondr\u00e1 a disposici\u00f3n del Usuario<br \/>las correspondientes Condiciones Generales o Particulares por las que esto se rija.<\/p><p>La utilizaci\u00f3n de alguno de los Contenidos o Servicios del Sitio Web<br \/>podr\u00e1 hacerse mediante la suscripci\u00f3n o registro previo del Usuario.<\/p><p class=\"ng-hide\">La utilizaci\u00f3n de los Contenidos no requiere previa<br \/>suscripci\u00f3n o registro alguno.<\/p><h4>El Usuario<\/h4><p>El acceso, la navegaci\u00f3n y uso del Sitio Web, <span class=\"ng-hide\">as\u00ed como<br \/>por los espacios habilitados para interactuar entre los Usuarios, y el Usuario<br \/>y <span class=\"blanc-space ng-binding\">Alojamientos tur\u00edsticos<\/span>, como los comentarios y\/o espacios<br \/>de blogging,<\/span> confiere la condici\u00f3n de Usuario, por lo que se aceptan, desde que se inicia la<br \/>navegaci\u00f3n por el Sitio Web, todas las Condiciones aqu\u00ed establecidas, as\u00ed como sus ulteriores<br \/>modificaciones, sin perjuicio de la aplicaci\u00f3n de la correspondiente normativa legal de obligado<br \/>cumplimiento seg\u00fan el caso. Dada la relevancia de lo anterior, se recomienda al Usuario leerlas cada vez que<br \/>visite el Sitio Web.<\/p><p>El Sitio Web de <span class=\"blanc-space ng-binding\">Alojamientos tur\u00edsticos<\/span> proporciona gran<br \/>diversidad de informaci\u00f3n, servicios y datos. El Usuario asume su responsabilidad para realizar un uso<br \/>correcto del Sitio Web. Esta responsabilidad se extender\u00e1 a:<\/p><ul><li>Un uso de la informaci\u00f3n, Contenidos y\/o Servicios y datos ofrecidos por <span class=\"blanc-space ng-binding\">Alojamientos tur\u00edsticos<\/span> sin que sea contrario a lo dispuesto<br \/>por las presentes Condiciones, la Ley, la moral o el orden p\u00fablico, o que de cualquier otro modo puedan<br \/>suponer lesi\u00f3n de los derechos de terceros o del mismo funcionamiento del Sitio Web.<\/li><li>La veracidad y licitud de las informaciones aportadas por el Usuario en los formularios extendidos por<br \/><span class=\"blanc-space ng-binding\">Alojamientos tur\u00edsticos<\/span> para el acceso a ciertos Contenidos<br \/>o Servicios ofrecidos por el Sitio Web. En todo caso, el Usuario notificar\u00e1 de forma inmediata a <span class=\"blanc-space ng-binding\">Alojamientos tur\u00edsticos<\/span> acerca de cualquier hecho que permita<br \/>el uso indebido de la informaci\u00f3n registrada en dichos formularios, tales como, pero no solo, el robo,<br \/>extrav\u00edo, o el acceso no autorizado a identificadores y\/o contrase\u00f1as, con el fin de proceder a su<br \/>inmediata cancelaci\u00f3n.<\/li><\/ul><p class=\"ng-hide\"><span class=\"blanc-space ng-binding\">Alojamientos<br \/>tur\u00edsticos<\/span> se reserva el derecho de retirar todos aquellos comentarios y aportaciones que<br \/>vulneren la ley, el respeto a la dignidad de la persona, que sean discriminatorios, xen\u00f3fobos, racistas,<br \/>pornogr\u00e1ficos, spamming, que atenten contra la juventud o la infancia, el orden o la seguridad p\u00fablica o<br \/>que, a su juicio, no resultaran adecuados para su publicaci\u00f3n.<\/p><p class=\"ng-hide\">En cualquier caso, <span class=\"blanc-space ng-binding\">Alojamientos tur\u00edsticos<\/span> no ser\u00e1 responsable de las opiniones<br \/>vertidas por los Usuarios a trav\u00e9s de comentarios u otras herramientas de blogging o de participaci\u00f3n que<br \/>pueda haber.<\/p><p>El mero acceso a este Sitio Web no supone entablar ning\u00fan tipo de relaci\u00f3n de car\u00e1cter comercial entre <span class=\"blanc-space ng-binding\">Alojamientos tur\u00edsticos<\/span> y el Usuario.<\/p><p class=\"ng-hide\">El Usuario declara ser mayor de edad y disponer de la<br \/>capacidad jur\u00eddica suficiente para vincularse por las presentes Condiciones. Por lo tanto, este Sitio Web de<br \/><span class=\"blanc-space ng-binding\">Alojamientos tur\u00edsticos<\/span> no se dirige a menores de edad. <span class=\"blanc-space ng-binding\">Alojamientos tur\u00edsticos<\/span> declina cualquier responsabilidad por el<br \/>incumplimiento de este requisito.<\/p><p class=\"\">Siempre en el respeto de la legislaci\u00f3n vigente, este Sitio Web de<br \/><span class=\"blanc-space ng-binding\">Alojamientos tur\u00edsticos<\/span> se dirige a todas las personas, sin<br \/>importar su edad, que puedan acceder y\/o navegar por las p\u00e1ginas del Sitio Web.<\/p><p class=\"ng-hide\">El Sitio Web est\u00e1 dirigido principalmente a Usuarios<br \/>residentes en . <span class=\"blanc-space ng-binding\">Alojamientos<br \/>tur\u00edsticos<\/span> no asegura que el Sitio Web cumpla con<br \/>legislaciones de otros pa\u00edses, ya sea total o parcialmente. Si el Usuario reside o tiene su domiciliado en<br \/>otro lugar y decide acceder y\/o navegar en el Sitio Web lo har\u00e1 bajo su propia responsabilidad, deber\u00e1<br \/>asegurarse de que tal acceso y navegaci\u00f3n cumple con la legislaci\u00f3n local que le es aplicable, no asumiendo<br \/><span class=\"blanc-space ng-binding\">Alojamientos tur\u00edsticos<\/span> responsabilidad alguna que se pueda<br \/>derivar de dicho acceso.<\/p><h3>III. ACCESO Y NAVEGACI\u00d3N EN EL SITIO WEB: EXCLUSI\u00d3N DE GARANT\u00cdAS Y RESPONSABILIDAD<\/h3><p><span class=\"blanc-space ng-binding\">Alojamientos tur\u00edsticos<\/span> no garantiza la continuidad,<br \/>disponibilidad y utilidad del Sitio Web, ni de los Contenidos o Servicios. <span class=\"blanc-space ng-binding\">Alojamientos tur\u00edsticos<\/span> har\u00e1 todo lo posible por el buen<br \/>funcionamiento del Sitio Web, sin embargo, no se responsabiliza ni garantiza que el acceso a este Sitio Web<br \/>no vaya a ser ininterrumpido o que est\u00e9 libre de error.<\/p><p>Tampoco se responsabiliza o garantiza que el contenido o software al que pueda accederse a trav\u00e9s de este<br \/>Sitio Web, est\u00e9 libre de error o cause un da\u00f1o al sistema inform\u00e1tico (software y hardware) del Usuario. En<br \/>ning\u00fan caso <span class=\"blanc-space ng-binding\">Alojamientos tur\u00edsticos<\/span> ser\u00e1 responsable por las<br \/>p\u00e9rdidas, da\u00f1os o perjuicios de cualquier tipo que surjan por el acceso, navegaci\u00f3n y el uso del Sitio Web,<br \/>incluy\u00e9ndose, pero no limit\u00e1ndose, a los ocasionados a los sistemas inform\u00e1ticos o los provocados por la<br \/>introducci\u00f3n de virus.<\/p><p><span class=\"blanc-space ng-binding\">Alojamientos tur\u00edsticos<\/span> tampoco se hace responsable de los da\u00f1os<br \/>que pudiesen ocasionarse a los usuarios por un uso inadecuado de este Sitio Web. En particular, no se hace<br \/>responsable en modo alguno de las ca\u00eddas, interrupciones, falta o defecto de las telecomunicaciones que<br \/>pudieran ocurrir.<\/p><h3>IV. POL\u00cdTICA DE ENLACES<\/h3><p>Se informa que el Sitio Web de <span class=\"blanc-space ng-binding\">Alojamientos tur\u00edsticos<\/span> pone o puede poner a disposici\u00f3n de los<br \/>Usuarios medios de enlace (como, entre otros, links, banners, botones), directorios y motores de b\u00fasqueda<br \/>que permiten a los Usuarios acceder a sitios web pertenecientes y\/o gestionados por terceros.<\/p><p>La instalaci\u00f3n de estos enlaces, directorios y motores de b\u00fasqueda en<br \/>el Sitio Web tiene por objeto facilitar a los Usuarios la b\u00fasqueda de y acceso a la informaci\u00f3n disponible<br \/>en Internet, sin que pueda considerarse una sugerencia, recomendaci\u00f3n o invitaci\u00f3n para la visita de los<br \/>mismos.<\/p><p><span class=\"blanc-space ng-binding\">Alojamientos tur\u00edsticos<\/span> no ofrece ni comercializa por s\u00ed ni por<br \/>medio de terceros los productos y\/o servicios disponibles en dichos sitios enlazados.<\/p><p class=\"ng-hide\"><span class=\"blanc-space ng-binding\">Alojamientos tur\u00edsticos<\/span> ofrece contenidos patrocinados, anuncios<br \/>y\/o enlaces de afiliados. La informaci\u00f3n que aparece en estos enlaces de afiliados o los anuncios<br \/>insertados, son facilitados por los propios anunciantes, por lo que <span class=\"blanc-space ng-binding\">Alojamientos tur\u00edsticos<\/span> no se hace responsable de posibles<br \/>inexactitudes o errores que pudieran contener los anuncios, ni garantiza en modo alguno la experiencia,<br \/>integridad o responsabilidad de los anunciantes o la calidad de sus productos y\/o servicios.<\/p><p>Asimismo, tampoco garantizar\u00e1 la disponibilidad t\u00e9cnica, exactitud,<br \/>veracidad, validez o legalidad de sitios ajenos a su propiedad a los que se pueda acceder por medio de los<br \/>enlaces.<\/p><p><span class=\"blanc-space ng-binding\">Alojamientos tur\u00edsticos<\/span> en<br \/>ning\u00fan caso revisar\u00e1 o controlar\u00e1 el contenido de otros sitios web, as\u00ed como tampoco aprueba, examina ni<br \/>hace propios los productos y servicios, contenidos, archivos y cualquier otro material existente en los<br \/>referidos sitios enlazados.<\/p><p><span class=\"blanc-space ng-binding\">Alojamientos tur\u00edsticos<\/span> no<br \/>asume ninguna responsabilidad por los da\u00f1os y perjuicios que pudieran producirse por el acceso, uso, calidad<br \/>o licitud de los contenidos, comunicaciones, opiniones, productos y servicios de los sitios web no<br \/>gestionados por <span class=\"blanc-space ng-binding\">Alojamientos tur\u00edsticos<\/span> y que sean enlazados en<br \/>este Sitio Web.<\/p><p>El Usuario o tercero que realice un hiperv\u00ednculo desde una p\u00e1gina web de otro, distinto, sitio web al Sitio<br \/>Web de <span class=\"blanc-space ng-binding\">Alojamientos tur\u00edsticos<\/span> deber\u00e1 saber que:<\/p><p>No se permite la reproducci\u00f3n \u2014total o parcialmente\u2014 de ninguno de los Contenidos y\/o Servicios del Sitio Web<br \/>sin autorizaci\u00f3n expresa de <span class=\"blanc-space ng-binding\">Alojamientos tur\u00edsticos<\/span>.<\/p><p>No se permite tampoco ninguna manifestaci\u00f3n falsa, inexacta o incorrecta sobre el Sitio Web de <span class=\"blanc-space ng-binding\">Alojamientos tur\u00edsticos<\/span>, ni sobre los Contenidos y\/o Servicios del<br \/>mismo.<\/p><p>A excepci\u00f3n del hiperv\u00ednculo, el sitio web en el que se establezca dicho hiperenlace no contendr\u00e1 ning\u00fan<br \/>elemento, de este Sitio Web, protegido como propiedad intelectual por el ordenamiento jur\u00eddico espa\u00f1ol,<br \/>salvo autorizaci\u00f3n expresa de <span class=\"blanc-space ng-binding\">Alojamientos tur\u00edsticos<\/span>.<\/p><p>El establecimiento del hiperv\u00ednculo no implicar\u00e1 la existencia de relaciones entre <span class=\"blanc-space ng-binding\">Alojamientos tur\u00edsticos<\/span> y el titular del sitio web desde el cual<br \/>se realice, ni el conocimiento y aceptaci\u00f3n de <span class=\"blanc-space ng-binding\">Alojamientos<br \/>tur\u00edsticos<\/span> de los contenidos, servicios y\/o actividades ofrecidas en dicho sitio web, y<br \/>viceversa.<\/p><h3>V. PROPIEDAD INTELECTUAL E INDUSTRIAL<\/h3><p><span class=\"blanc-space ng-binding\">Alojamientos tur\u00edsticos<\/span> por s\u00ed o como parte cesionaria, es<br \/>titular de todos los derechos de propiedad intelectual e industrial del Sitio Web, as\u00ed como de los elementos<br \/>contenidos en el mismo (a t\u00edtulo enunciativo y no exhaustivo, im\u00e1genes, sonido, audio, v\u00eddeo, software o<br \/>textos, marcas o logotipos, combinaciones de colores, estructura y dise\u00f1o, selecci\u00f3n de materiales usados,<br \/>programas de ordenador necesarios para su funcionamiento, acceso y uso, etc.). Ser\u00e1n, por consiguiente,<br \/>obras protegidas como propiedad intelectual por el ordenamiento jur\u00eddico espa\u00f1ol, si\u00e9ndoles aplicables tanto<br \/>la normativa espa\u00f1ola y comunitaria en este campo, como los tratados internacionales relativos a la materia<br \/>y suscritos por Espa\u00f1a.<\/p><p>Todos los derechos reservados. En virtud de lo dispuesto en la Ley de Propiedad Intelectual, quedan<br \/>expresamente prohibidas la reproducci\u00f3n, la distribuci\u00f3n y la comunicaci\u00f3n p\u00fablica, incluida su modalidad de<br \/>puesta a disposici\u00f3n, de la totalidad o parte de los contenidos de esta p\u00e1gina web, con fines comerciales,<br \/>en cualquier soporte y por cualquier medio t\u00e9cnico, sin la autorizaci\u00f3n de <span class=\"blanc-space ng-binding\">Alojamientos tur\u00edsticos<\/span>.<\/p><p>El Usuario se compromete a respetar los derechos de propiedad intelectual e industrial de <span class=\"blanc-space ng-binding\">Alojamientos tur\u00edsticos<\/span>. Podr\u00e1 visualizar los elementos del Sitio<br \/>Web o incluso imprimirlos, copiarlos y almacenarlos en el disco duro de su ordenador o en cualquier otro<br \/>soporte f\u00edsico siempre y cuando sea, exclusivamente, para su uso personal. El Usuario, sin embargo, no podr\u00e1<br \/>suprimir, alterar, o manipular cualquier dispositivo de protecci\u00f3n o sistema de seguridad que estuviera<br \/>instalado en el Sitio Web.<\/p><p>En caso de que el Usuario o tercero considere que cualquiera de los Contenidos del Sitio Web suponga una<br \/>violaci\u00f3n de los derechos de protecci\u00f3n de la propiedad intelectual, deber\u00e1 comunicarlo inmediatamente a<br \/><span class=\"blanc-space ng-binding\">Alojamientos tur\u00edsticos<\/span> a trav\u00e9s de los datos de contacto del<br \/>apartado de INFORMACI\u00d3N GENERAL de este Aviso Legal y Condiciones Generales de Uso.<\/p><h3>VI. ACCIONES LEGALES, LEGISLACI\u00d3N APLICABLE Y JURISDICCI\u00d3N<\/h3><p><span class=\"blanc-space ng-binding\">Alojamientos tur\u00edsticos<\/span> se reserva la facultad de presentar las<br \/>acciones civiles o penales que considere necesarias por la utilizaci\u00f3n indebida del Sitio Web y Contenidos,<br \/>o por el incumplimiento de las presentes Condiciones.<\/p><p>La relaci\u00f3n entre el Usuario y <span class=\"blanc-space ng-binding\">Alojamientos tur\u00edsticos<\/span> se regir\u00e1<br \/>por la normativa vigente y de aplicaci\u00f3n en el territorio espa\u00f1ol. De surgir cualquier controversia en<br \/>relaci\u00f3n con la interpretaci\u00f3n y\/o a la aplicaci\u00f3n de estas Condiciones las partes someter\u00e1n sus conflictos<br \/>a la jurisdicci\u00f3n ordinaria someti\u00e9ndose a los jueces y tribunales que correspondan conforme a derecho.<\/p><p>Este documento de Aviso Legal y Condiciones Generales de uso del sitio web ha sido creado mediante el<br \/>generador de <a class=\"text-body text-decoration-none\" href=\"https:\/\/textos-legales.edgartamarit.com\/\">plantilla de<br \/>aviso legal y condiciones de uso<\/a> online<br \/>el d\u00eda 17\/07\/2024.<\/p>\t\t\t\t\t\t\t\t<\/div>\n\t\t\t\t<\/div>\n\t\t\t\t<\/div>\n\t\t\t\t\t<\/div>\n\t\t\t\t<\/div>\n\t\t\t\t<\/div>\n\t\t","protected":false},"excerpt":{"rendered":"<p>AVISO LEGAL Y CONDICIONES GENERALES DE USO [avgest_laurl] I. INFORMACI\u00d3N GENERAL En cumplimiento con el deber de informaci\u00f3n dispuesto en la Ley 34\/2002 de Servicios de la Sociedad de laInformaci\u00f3n y el Comercio Electr\u00f3nico (LSSI-CE) de 11 de julio, se facilitan a continuaci\u00f3n los siguientesdatos de informaci\u00f3n general de este sitio web: La titularidad de [&hellip;]<\/p>\n","protected":false},"author":1,"featured_media":0,"parent":0,"menu_order":0,"comment_status":"closed","ping_status":"closed","template":"elementor_header_footer","meta":{"footnotes":""},"class_list":["post-67","page","type-page","status-publish","hentry"],"yoast_head":"<!-- This site is optimized with the Yoast SEO plugin v27.3 - https:\/\/yoast.com\/product\/yoast-seo-wordpress\/ -->\n<title>Aviso Legal - English Villa Roygar<\/title>\n<meta name=\"robots\" content=\"noindex, nofollow\" \/>\n<meta property=\"og:locale\" content=\"es_ES\" \/>\n<meta property=\"og:type\" content=\"article\" \/>\n<meta property=\"og:title\" content=\"Aviso Legal - English Villa Roygar\" \/>\n<meta property=\"og:description\" content=\"AVISO LEGAL Y CONDICIONES GENERALES DE USO [avgest_laurl] I. INFORMACI\u00d3N GENERAL En cumplimiento con el deber de informaci\u00f3n dispuesto en la Ley 34\/2002 de Servicios de la Sociedad de laInformaci\u00f3n y el Comercio Electr\u00f3nico (LSSI-CE) de 11 de julio, se facilitan a continuaci\u00f3n los siguientesdatos de informaci\u00f3n general de este sitio web: La titularidad de [&hellip;]\" \/>\n<meta property=\"og:url\" content=\"https:\/\/villaroygar.com\/en\/aviso-legal\/\" \/>\n<meta property=\"og:site_name\" content=\"English Villa Roygar\" \/>\n<meta property=\"article:modified_time\" content=\"2024-11-14T09:24:48+00:00\" \/>\n<meta name=\"twitter:card\" content=\"summary_large_image\" \/>\n<meta name=\"twitter:label1\" content=\"Tiempo de lectura\" \/>\n\t<meta name=\"twitter:data1\" content=\"10 minutos\" \/>\n<script type=\"application\/ld+json\" class=\"yoast-schema-graph\">{\"@context\":\"https:\\\/\\\/schema.org\",\"@graph\":[{\"@type\":\"WebPage\",\"@id\":\"https:\\\/\\\/villaroygar.com\\\/en\\\/aviso-legal\\\/\",\"url\":\"https:\\\/\\\/villaroygar.com\\\/en\\\/aviso-legal\\\/\",\"name\":\"Aviso Legal - English Villa Roygar\",\"isPartOf\":{\"@id\":\"https:\\\/\\\/villaroygar.com\\\/en\\\/#website\"},\"datePublished\":\"2024-07-17T09:04:24+00:00\",\"dateModified\":\"2024-11-14T09:24:48+00:00\",\"breadcrumb\":{\"@id\":\"https:\\\/\\\/villaroygar.com\\\/en\\\/aviso-legal\\\/#breadcrumb\"},\"inLanguage\":\"es\",\"potentialAction\":[{\"@type\":\"ReadAction\",\"target\":[\"https:\\\/\\\/villaroygar.com\\\/en\\\/aviso-legal\\\/\"]}]},{\"@type\":\"BreadcrumbList\",\"@id\":\"https:\\\/\\\/villaroygar.com\\\/en\\\/aviso-legal\\\/#breadcrumb\",\"itemListElement\":[{\"@type\":\"ListItem\",\"position\":1,\"name\":\"Portada\",\"item\":\"https:\\\/\\\/villaroygar.com\\\/en\\\/\"},{\"@type\":\"ListItem\",\"position\":2,\"name\":\"Aviso Legal\"}]},{\"@type\":\"WebSite\",\"@id\":\"https:\\\/\\\/villaroygar.com\\\/en\\\/#website\",\"url\":\"https:\\\/\\\/villaroygar.com\\\/en\\\/\",\"name\":\"English Villa Roygar\",\"description\":\"Villa Roygar\",\"publisher\":{\"@id\":\"https:\\\/\\\/villaroygar.com\\\/en\\\/#organization\"},\"potentialAction\":[{\"@type\":\"SearchAction\",\"target\":{\"@type\":\"EntryPoint\",\"urlTemplate\":\"https:\\\/\\\/villaroygar.com\\\/en\\\/?s={search_term_string}\"},\"query-input\":{\"@type\":\"PropertyValueSpecification\",\"valueRequired\":true,\"valueName\":\"search_term_string\"}}],\"inLanguage\":\"es\"},{\"@type\":\"Organization\",\"@id\":\"https:\\\/\\\/villaroygar.com\\\/en\\\/#organization\",\"name\":\"English Villa Roygar\",\"url\":\"https:\\\/\\\/villaroygar.com\\\/en\\\/\",\"logo\":{\"@type\":\"ImageObject\",\"inLanguage\":\"es\",\"@id\":\"https:\\\/\\\/villaroygar.com\\\/en\\\/#\\\/schema\\\/logo\\\/image\\\/\",\"url\":\"https:\\\/\\\/villaroygar.com\\\/en\\\/wp-content\\\/uploads\\\/sites\\\/2\\\/Logo_VillaRoygar.webp\",\"contentUrl\":\"https:\\\/\\\/villaroygar.com\\\/en\\\/wp-content\\\/uploads\\\/sites\\\/2\\\/Logo_VillaRoygar.webp\",\"width\":400,\"height\":258,\"caption\":\"English Villa Roygar\"},\"image\":{\"@id\":\"https:\\\/\\\/villaroygar.com\\\/en\\\/#\\\/schema\\\/logo\\\/image\\\/\"}}]}<\/script>\n<!-- \/ Yoast SEO plugin. -->","yoast_head_json":{"title":"Aviso Legal - English Villa Roygar","robots":{"index":"noindex","follow":"nofollow"},"og_locale":"es_ES","og_type":"article","og_title":"Aviso Legal - English Villa Roygar","og_description":"AVISO LEGAL Y CONDICIONES GENERALES DE USO [avgest_laurl] I. INFORMACI\u00d3N GENERAL En cumplimiento con el deber de informaci\u00f3n dispuesto en la Ley 34\/2002 de Servicios de la Sociedad de laInformaci\u00f3n y el Comercio Electr\u00f3nico (LSSI-CE) de 11 de julio, se facilitan a continuaci\u00f3n los siguientesdatos de informaci\u00f3n general de este sitio web: La titularidad de [&hellip;]","og_url":"https:\/\/villaroygar.com\/en\/aviso-legal\/","og_site_name":"English Villa Roygar","article_modified_time":"2024-11-14T09:24:48+00:00","twitter_card":"summary_large_image","twitter_misc":{"Tiempo de lectura":"10 minutos"},"schema":{"@context":"https:\/\/schema.org","@graph":[{"@type":"WebPage","@id":"https:\/\/villaroygar.com\/en\/aviso-legal\/","url":"https:\/\/villaroygar.com\/en\/aviso-legal\/","name":"Aviso Legal - English Villa Roygar","isPartOf":{"@id":"https:\/\/villaroygar.com\/en\/#website"},"datePublished":"2024-07-17T09:04:24+00:00","dateModified":"2024-11-14T09:24:48+00:00","breadcrumb":{"@id":"https:\/\/villaroygar.com\/en\/aviso-legal\/#breadcrumb"},"inLanguage":"es","potentialAction":[{"@type":"ReadAction","target":["https:\/\/villaroygar.com\/en\/aviso-legal\/"]}]},{"@type":"BreadcrumbList","@id":"https:\/\/villaroygar.com\/en\/aviso-legal\/#breadcrumb","itemListElement":[{"@type":"ListItem","position":1,"name":"Portada","item":"https:\/\/villaroygar.com\/en\/"},{"@type":"ListItem","position":2,"name":"Aviso Legal"}]},{"@type":"WebSite","@id":"https:\/\/villaroygar.com\/en\/#website","url":"https:\/\/villaroygar.com\/en\/","name":"English Villa Roygar","description":"Villa Roygar","publisher":{"@id":"https:\/\/villaroygar.com\/en\/#organization"},"potentialAction":[{"@type":"SearchAction","target":{"@type":"EntryPoint","urlTemplate":"https:\/\/villaroygar.com\/en\/?s={search_term_string}"},"query-input":{"@type":"PropertyValueSpecification","valueRequired":true,"valueName":"search_term_string"}}],"inLanguage":"es"},{"@type":"Organization","@id":"https:\/\/villaroygar.com\/en\/#organization","name":"English Villa Roygar","url":"https:\/\/villaroygar.com\/en\/","logo":{"@type":"ImageObject","inLanguage":"es","@id":"https:\/\/villaroygar.com\/en\/#\/schema\/logo\/image\/","url":"https:\/\/villaroygar.com\/en\/wp-content\/uploads\/sites\/2\/Logo_VillaRoygar.webp","contentUrl":"https:\/\/villaroygar.com\/en\/wp-content\/uploads\/sites\/2\/Logo_VillaRoygar.webp","width":400,"height":258,"caption":"English Villa Roygar"},"image":{"@id":"https:\/\/villaroygar.com\/en\/#\/schema\/logo\/image\/"}}]}},"_links":{"self":[{"href":"https:\/\/villaroygar.com\/en\/wp-json\/wp\/v2\/pages\/67","targetHints":{"allow":["GET"]}}],"collection":[{"href":"https:\/\/villaroygar.com\/en\/wp-json\/wp\/v2\/pages"}],"about":[{"href":"https:\/\/villaroygar.com\/en\/wp-json\/wp\/v2\/types\/page"}],"author":[{"embeddable":true,"href":"https:\/\/villaroygar.com\/en\/wp-json\/wp\/v2\/users\/1"}],"replies":[{"embeddable":true,"href":"https:\/\/villaroygar.com\/en\/wp-json\/wp\/v2\/comments?post=67"}],"version-history":[{"count":0,"href":"https:\/\/villaroygar.com\/en\/wp-json\/wp\/v2\/pages\/67\/revisions"}],"wp:attachment":[{"href":"https:\/\/villaroygar.com\/en\/wp-json\/wp\/v2\/media?parent=67"}],"curies":[{"name":"wp","href":"https:\/\/api.w.org\/{rel}","templated":true}]}}